{"id":1224,"date":"2021-04-05T11:20:31","date_gmt":"2021-04-05T09:20:31","guid":{"rendered":"https:\/\/rennsportcw.com\/?page_id=1224"},"modified":"2025-11-13T16:48:05","modified_gmt":"2025-11-13T15:48:05","slug":"sponsoring","status":"publish","type":"page","link":"https:\/\/rennsportcw.com\/en\/sponsoring\/","title":{"rendered":"Sponsoring"},"content":{"rendered":"<p>[et_pb_section fb_built=&#8220;1&#8243; _builder_version=&#8220;4.9.2&#8243; _module_preset=&#8220;default&#8220; min_height=&#8220;1508.9px&#8220; custom_padding=&#8220;4px||6px|||&#8220;][et_pb_row _builder_version=&#8220;4.9.2&#8243; _module_preset=&#8220;default&#8220;][et_pb_column type=&#8220;4_4&#8243; _builder_version=&#8220;4.9.2&#8243; _module_preset=&#8220;default&#8220;][et_pb_text _builder_version=&#8220;4.9.2&#8243; _module_preset=&#8220;default&#8220;]<\/p>\n<h1><strong>Sponsoring<\/strong><\/h1>\n<p>[\/et_pb_text][\/et_pb_column][\/et_pb_row][et_pb_row column_structure=&#8220;1_3,2_3&#8243; _builder_version=&#8220;4.9.2&#8243; _module_preset=&#8220;default&#8220; custom_padding=&#8220;43px||3px|||&#8220;][et_pb_column type=&#8220;1_3&#8243; _builder_version=&#8220;4.9.2&#8243; _module_preset=&#8220;default&#8220;][et_pb_image src=&#8220;https:\/\/rennsportcw.com\/wp-content\/uploads\/2023\/10\/Clipped_image_20231016_111916.png&#8220; title_text=&#8220;Clipped_image_20231016_111916&#8243; _builder_version=&#8220;4.9.2&#8243; _module_preset=&#8220;default&#8220;][\/et_pb_image][\/et_pb_column][et_pb_column type=&#8220;2_3&#8243; _builder_version=&#8220;4.9.2&#8243; _module_preset=&#8220;default&#8220;][et_pb_text _builder_version=&#8220;4.9.2&#8243; _module_preset=&#8220;default&#8220;]<\/p>\n<p>Associate your company with attributes such as <strong>Success, passion, speed and precision<\/strong> . Benefit from our services in this unique sport and support young ambitious drivers at the same time.<br \/>The astonishingly high acceptance of advertising in motorsport far exceeds the effectiveness of classic advertising.<\/p>\n<p>&nbsp;<\/p>\n<p>[\/et_pb_text][\/et_pb_column][\/et_pb_row][et_pb_row _builder_version=&#8220;4.9.2&#8243; _module_preset=&#8220;default&#8220;][et_pb_column type=&#8220;4_4&#8243; _builder_version=&#8220;4.9.2&#8243; _module_preset=&#8220;default&#8220;][et_pb_image src=&#8220;https:\/\/rennsportcw.com\/wp-content\/uploads\/2023\/10\/Screenshot-2023-10-17-110315.png&#8220; title_text=&#8220;Screenshot 2023-10-17 110315&#8243; _builder_version=&#8220;4.9.2&#8243; _module_preset=&#8220;default&#8220;][\/et_pb_image][\/et_pb_column][\/et_pb_row][et_pb_row _builder_version=&#8220;4.9.2&#8243; _module_preset=&#8220;default&#8220;][et_pb_column type=&#8220;4_4&#8243; _builder_version=&#8220;4.9.2&#8243; _module_preset=&#8220;default&#8220;][et_pb_image src=&#8220;https:\/\/rennsportcw.com\/wp-content\/uploads\/2023\/10\/Screenshot-2023-10-17-110353.png&#8220; title_text=&#8220;Screenshot 2023-10-17 110353&#8243; _builder_version=&#8220;4.9.2&#8243; _module_preset=&#8220;default&#8220;][\/et_pb_image][et_pb_image src=&#8220;https:\/\/rennsportcw.com\/wp-content\/uploads\/2023\/10\/Screenshot-2023-10-17-110428.png&#8220; title_text=&#8220;Screenshot 2023-10-17 110428&#8243; _builder_version=&#8220;4.9.2&#8243; _module_preset=&#8220;default&#8220;][\/et_pb_image][\/et_pb_column][\/et_pb_row][et_pb_row _builder_version=&#8220;4.9.2&#8243; _module_preset=&#8220;default&#8220;][et_pb_column type=&#8220;4_4&#8243; _builder_version=&#8220;4.9.2&#8243; _module_preset=&#8220;default&#8220;][\/et_pb_column][\/et_pb_row][et_pb_row _builder_version=&#8220;4.9.2&#8243; _module_preset=&#8220;default&#8220; custom_margin=&#8220;-2px|auto||auto||&#8220; custom_padding=&#8220;||2px|||&#8220;][et_pb_column type=&#8220;4_4&#8243; _builder_version=&#8220;4.9.2&#8243; _module_preset=&#8220;default&#8220;][et_pb_button button_url=&#8220;https:\/\/rennsportcw.com\/wp-content\/uploads\/2023\/10\/SPONSORINGMAPPE.pdf&#8220; button_text=&#8220;Pr\u00e4sentation Sponsoring&#8220; _builder_version=&#8220;4.9.2&#8243; _module_preset=&#8220;default&#8220;][\/et_pb_button][et_pb_text _builder_version=&#8220;4.9.2&#8243; _module_preset=&#8220;default&#8220;]<\/p>\n<h3><strong>Contact:<\/strong><\/h3>\n<h3>Rennsport Wachter<\/h3>\n<h3>Im Kirchtal 19A<\/h3>\n<h3>67659 Kaiserslautern<\/h3>\n<h3>Tel.: 0049 6301 710670<\/h3>\n<h3>Mobil: 0049 176 78940266<\/h3>\n<h3>Email: <a href=\"mailto:RennsportCW@gmail.com\">RennsportCW@gmail.com<\/a><\/h3>\n<h3><a href=\"https:\/\/rennsportcw.com\/en\/\">www.rennsportcw.com<\/a><\/h3>\n<p>&nbsp;<\/p>\n<h3>You are also welcome to contact us simply and easily on Whatsapp: 0049 176 78940266<\/h3>\n<p>[\/et_pb_text][\/et_pb_column][\/et_pb_row][\/et_pb_section][et_pb_section fb_built=&#8220;1&#8243; _builder_version=&#8220;4.9.2&#8243; _module_preset=&#8220;default&#8220; custom_padding=&#8220;||0px|||&#8220;][et_pb_row _builder_version=&#8220;4.9.2&#8243; _module_preset=&#8220;default&#8220;][et_pb_column type=&#8220;4_4&#8243; _builder_version=&#8220;4.9.2&#8243; _module_preset=&#8220;default&#8220;][et_pb_text _builder_version=&#8220;4.9.2&#8243; _module_preset=&#8220;default&#8220;]<\/p>\n<h2><strong>Sponsors <br \/><\/strong><\/h2>\n<p>[\/et_pb_text][\/et_pb_column][\/et_pb_row][et_pb_row _builder_version=&#8220;4.9.2&#8243; _module_preset=&#8220;default&#8220;][et_pb_column type=&#8220;4_4&#8243; _builder_version=&#8220;4.9.2&#8243; _module_preset=&#8220;default&#8220;][et_pb_team_member name=&#8220;GB Spedition + Kurier GmbH&#8220; position=&#8220;www.gb-spedition.de&#8220; image_url=&#8220;https:\/\/rennsportcw.com\/wp-content\/uploads\/2021\/04\/GB-Logo.jpg&#8220; facebook_url=&#8220;https:\/\/www.facebook.com\/gbspedition&#8220; _builder_version=&#8220;4.9.2&#8243; _module_preset=&#8220;default&#8220; link_option_url=&#8220;www.gb-spedition.de&#8220; link_option_url_new_window=&#8220;on&#8220;]<\/p>\n<p>Was immer Sie zu transportieren haben \u2013 wir bringen es auf den richtigen Weg. Ob extrem eilig, sperrig oder handlingsensibel \u2013 Ihre G\u00fcter sind bei uns immer in den besten H\u00e4nden. Von der Paketsendung ab 35 kg bis hin zur Komplettladung. Von PKW bis zu 40to-Sattelzug. Als hochwertige door to door Direktfahrt oder budgetoptimiert im Sammelgut. Auf Wunsch mit ma\u00dfgeschneiderten lager-logistischen Leistungen. Perfekt eingebunden in Ihr Business. Europaweit zu jeder Tag- und Nachtzeit. Immer f\u00fcr Sie am Start \u2013 mit dem richtigen Set-Up.<\/p>\n<p>[\/et_pb_team_member][\/et_pb_column][\/et_pb_row][\/et_pb_section][et_pb_section fb_built=&#8220;1&#8243; _builder_version=&#8220;4.9.2&#8243; _module_preset=&#8220;default&#8220; custom_padding=&#8220;22px|||||&#8220;][et_pb_row _builder_version=&#8220;4.9.2&#8243; _module_preset=&#8220;default&#8220;][et_pb_column type=&#8220;4_4&#8243; _builder_version=&#8220;4.9.2&#8243; _module_preset=&#8220;default&#8220;][et_pb_team_member name=&#8220;Dolmetscher- und \u00dcbersetzungsb\u00fcro Ivka Wachter&#8220; position=&#8220;www.uebersetzungsbuero-wachter.de&#8220; image_url=&#8220;https:\/\/rennsportcw.com\/wp-content\/uploads\/2021\/04\/Ivka-Logo.jpg&#8220; facebook_url=&#8220;https:\/\/www.facebook.com\/ivka.wachter&#8220; _builder_version=&#8220;4.9.2&#8243; _module_preset=&#8220;default&#8220; link_option_url=&#8220;www.uebersetzungsbuero-wachter.de&#8220;]<\/p>\n<p>Von dem Pr\u00e4sidenten des Pf\u00e4lzischen Oberlandesgerichts Zweibr\u00fccken erm\u00e4chtigte \u00dcbersetzerin und allgemein vereidigte Dolmetscherin der kroatischen, serbischen und bosnischen Sprache f\u00fcr gerichtliche Angelegenheiten in Rheinland-Pfalz.<\/p>\n<p>Vereidigte Dolmetscherin und \u00dcbersetzerin vor dem Obersten Gerichtshof des Gro\u00dfherzogtums Luxemburg<\/p>\n<p>[\/et_pb_team_member][\/et_pb_column][\/et_pb_row][et_pb_row _builder_version=&#8220;4.9.2&#8243; _module_preset=&#8220;default&#8220;][et_pb_column type=&#8220;4_4&#8243; _builder_version=&#8220;4.9.2&#8243; _module_preset=&#8220;default&#8220;][et_pb_text _builder_version=&#8220;4.9.2&#8243; _module_preset=&#8220;default&#8220;]<\/p>\n<h2><strong>Supporter<\/strong><\/h2>\n<p>[\/et_pb_text][\/et_pb_column][\/et_pb_row][et_pb_row _builder_version=&#8220;4.9.2&#8243; _module_preset=&#8220;default&#8220; custom_padding=&#8220;36px|||||&#8220;][et_pb_column type=&#8220;4_4&#8243; _builder_version=&#8220;4.9.2&#8243; _module_preset=&#8220;default&#8220;][et_pb_team_member name=&#8220;VIP Garage &#8211; Opti-Coat Center Kaiserslautern&#8220; position=&#8220;https:\/\/vip-garage-kaiserslautern.business.site\/&#8220; image_url=&#8220;https:\/\/rennsportcw.com\/wp-content\/uploads\/2022\/06\/275668012_320237950086909_845770981473303974_n.jpg&#8220; facebook_url=&#8220;https:\/\/www.facebook.com\/search\/top?q=vip%20garage%20opti-coat%20center&#8220; _builder_version=&#8220;4.9.2&#8243; _module_preset=&#8220;default&#8220; background_color=&#8220;#FFFFFF&#8220; link_option_url=&#8220;https:\/\/vip-garage-kaiserslautern.business.site\/&#8220; link_option_url_new_window=&#8220;on&#8220;]<\/p>\n<div class=\"kvgmc6g5 cxmmr5t8 oygrvhab hcukyx3x c1et5uql\">High End Detailing Steaming (interior, exterior, engine) Clay \/ Decontamination 3-Step Polish System Wax (Double Layer) OPT Gloss Coat Ceramic Sealant<\/div>\n<p><span class=\"d2edcug0 hpfvmrgz qv66sw1b c1et5uql lr9zc1uh a8c37x1j keod5gw0 nxhoafnm aigsh9s9 d3f4x2em fe6kdd0r mau55g9w c8b282yb iv3no6db jq4qci2q a3bd9o3v knj5qynh oo9gr5id hzawbc8m\" dir=\"auto\"><span class=\"d2edcug0 hpfvmrgz qv66sw1b c1et5uql lr9zc1uh jq4qci2q a3bd9o3v knj5qynh oo9gr5id hzawbc8m\">\u00a0<\/span><\/span><\/p>\n<p>[\/et_pb_team_member][et_pb_team_member name=&#8220;Eibach&#8220; position=&#8220;https:\/\/www.eibach.de\/de\/&#8220; image_url=&#8220;https:\/\/rennsportcw.com\/wp-content\/uploads\/2021\/05\/Eibach_logo_Raute_frei.png&#8220; facebook_url=&#8220;https:\/\/www.facebook.com\/Fit.for.Drive.Kaiserslautern&#8220; _builder_version=&#8220;4.9.2&#8243; _module_preset=&#8220;default&#8220; background_color=&#8220;#FFFFFF&#8220; custom_padding=&#8220;||0px|||&#8220; link_option_url=&#8220;https:\/\/www.eibach.de\/de\/&#8220; link_option_url_new_window=&#8220;on&#8220;]<\/p>\n<p><span class=\"d2edcug0 hpfvmrgz qv66sw1b c1et5uql lr9zc1uh a8c37x1j keod5gw0 nxhoafnm aigsh9s9 d3f4x2em fe6kdd0r mau55g9w c8b282yb iv3no6db jq4qci2q a3bd9o3v knj5qynh oo9gr5id hzawbc8m\" dir=\"auto\"><span class=\"d2edcug0 hpfvmrgz qv66sw1b c1et5uql lr9zc1uh jq4qci2q a3bd9o3v knj5qynh oo9gr5id hzawbc8m\">Eibach ist Hersteller von Fahrwerksfedern, Spurverbreiterungen &amp; mehr. <\/span><\/span><span class=\"d2edcug0 hpfvmrgz qv66sw1b c1et5uql lr9zc1uh a8c37x1j keod5gw0 nxhoafnm aigsh9s9 d3f4x2em fe6kdd0r mau55g9w c8b282yb iv3no6db jq4qci2q a3bd9o3v knj5qynh oo9gr5id hzawbc8m\" dir=\"auto\"><span class=\"d2edcug0 hpfvmrgz qv66sw1b c1et5uql lr9zc1uh jq4qci2q a3bd9o3v knj5qynh oo9gr5id hzawbc8m\">Eibach Produktionstechnologien gelten als welt\u00ad\u00adweit f\u00fchrend in ihrem Gebiet. Unsere Produkte werden entwickelt, um auch den extremsten Anspr\u00fcchen im Motorsport gerecht zu werden.<\/span><\/span><\/p>\n<p>[\/et_pb_team_member][et_pb_team_member name=&#8220;LITEWERKS GmbH&#8220; position=&#8220;https:\/\/liteblox.de\/&#8220; image_url=&#8220;https:\/\/rennsportcw.com\/wp-content\/uploads\/2022\/06\/logo.jpg&#8220; facebook_url=&#8220;https:\/\/www.facebook.com\/LiteBlox.batteries&#8220; _builder_version=&#8220;4.9.2&#8243; _module_preset=&#8220;default&#8220; background_color=&#8220;#FFFFFF&#8220; link_option_url=&#8220;https:\/\/liteblox.de\/&#8220; link_option_url_new_window=&#8220;on&#8220;]<\/p>\n<div class=\"kvgmc6g5 cxmmr5t8 oygrvhab hcukyx3x c1et5uql\">Seit der Markteinf\u00fchrung 2014 setzt unsere Eigenmarke <strong>LITE\u21afBLOX<\/strong> neue Ma\u00dfst\u00e4be bei der Gewichtsoptimierung von Performance-Fahrzeugen \u2013 konsequent entwickelt als vollwertiger Ersatz f\u00fcr die schwere &amp; technologisch \u00fcberholte \u201cAutobatterie\u201d auf Blei-S\u00e4ure Basis.<\/div>\n<p><span class=\"d2edcug0 hpfvmrgz qv66sw1b c1et5uql lr9zc1uh a8c37x1j keod5gw0 nxhoafnm aigsh9s9 d3f4x2em fe6kdd0r mau55g9w c8b282yb iv3no6db jq4qci2q a3bd9o3v knj5qynh oo9gr5id hzawbc8m\" dir=\"auto\"><span class=\"d2edcug0 hpfvmrgz qv66sw1b c1et5uql lr9zc1uh jq4qci2q a3bd9o3v knj5qynh oo9gr5id hzawbc8m\">\u00a0<\/span><\/span><\/p>\n<p>[\/et_pb_team_member][et_pb_team_member name=&#8220;AiM Technologies&#8220; position=&#8220;https:\/\/www.aimshop.com\/de\/&#8220; image_url=&#8220;https:\/\/rennsportcw.com\/wp-content\/uploads\/2022\/06\/AiMShop.com_Logo_120x@2x.webp&#8220; facebook_url=&#8220;https:\/\/www.facebook.com\/AimTechShop&#8220; _builder_version=&#8220;4.9.2&#8243; _module_preset=&#8220;default&#8220; background_color=&#8220;#FFFFFF&#8220; link_option_url=&#8220;https:\/\/www.aimtechnologies.com\/&#8220; link_option_url_new_window=&#8220;on&#8220;]<\/p>\n<div class=\"kvgmc6g5 cxmmr5t8 oygrvhab hcukyx3x c1et5uql\">\n<p style=\"text-align: left;\"><span style=\"color: #000000;\">Aim products are highly regarded as the industry standard for motorsport; datalogging, laptimers, onboard cameras, PDMs, sensors and aftermarket digital displays.<\/span><\/p>\n<\/div>\n<p style=\"text-align: left;\"><span class=\"d2edcug0 hpfvmrgz qv66sw1b c1et5uql lr9zc1uh a8c37x1j keod5gw0 nxhoafnm aigsh9s9 d3f4x2em fe6kdd0r mau55g9w c8b282yb iv3no6db jq4qci2q a3bd9o3v knj5qynh oo9gr5id hzawbc8m\" dir=\"auto\"><span class=\"d2edcug0 hpfvmrgz qv66sw1b c1et5uql lr9zc1uh jq4qci2q a3bd9o3v knj5qynh oo9gr5id hzawbc8m\">\u00a0<\/span><\/span><\/p>\n<p>[\/et_pb_team_member][et_pb_team_member name=&#8220;RONS PHOTOWORK&#8220; position=&#8220;Sportfotograf&#8220; image_url=&#8220;https:\/\/rennsportcw.com\/wp-content\/uploads\/2021\/04\/95611637_3042880622431389_1248001244337799168_n.jpg&#8220; facebook_url=&#8220;https:\/\/www.facebook.com\/ronsfotoworkx&#8220; _builder_version=&#8220;4.9.2&#8243; _module_preset=&#8220;default&#8220; background_color=&#8220;#FFFFFF&#8220; link_option_url=&#8220;https:\/\/www.facebook.com\/ronsfotoworkx&#8220; link_option_url_new_window=&#8220;on&#8220;]<\/p>\n<div class=\"kvgmc6g5 cxmmr5t8 oygrvhab hcukyx3x c1et5uql\">\n<div dir=\"auto\" style=\"text-align: start;\">RONS PHOTOWORKX<\/div>\n<div dir=\"auto\" style=\"text-align: start;\"><span>Freelance Photographer. Content Creator. <\/span>Motorsport, Landscape, People, Bildbearbeitung und Bildoptimierung. <span>Contact: Rons.Photoworkx@gmx.net<\/span><\/div>\n<\/div>\n<p><span class=\"d2edcug0 hpfvmrgz qv66sw1b c1et5uql lr9zc1uh a8c37x1j keod5gw0 nxhoafnm aigsh9s9 d3f4x2em fe6kdd0r mau55g9w c8b282yb iv3no6db jq4qci2q a3bd9o3v knj5qynh oo9gr5id hzawbc8m\" dir=\"auto\"><span class=\"d2edcug0 hpfvmrgz qv66sw1b c1et5uql lr9zc1uh jq4qci2q a3bd9o3v knj5qynh oo9gr5id hzawbc8m\">\u00a0<\/span><\/span><\/p>\n<p>[\/et_pb_team_member][et_pb_team_member name=&#8220;Stealth Development&#8220; position=&#8220;https:\/\/tensorrace.de\/&#8220; image_url=&#8220;https:\/\/rennsportcw.com\/wp-content\/uploads\/2025\/11\/hpr1-scaled-1.png&#8220; facebook_url=&#8220;https:\/\/www.facebook.com\/EngineRoids\/?ref=page_internal&#8220; _builder_version=&#8220;4.9.2&#8243; _module_preset=&#8220;default&#8220; background_color=&#8220;#FFFFFF&#8220; min_height=&#8220;276.5px&#8220; custom_padding=&#8220;25px|||||&#8220; link_option_url=&#8220;https:\/\/tensorrace.de\/&#8220; link_option_url_new_window=&#8220;on&#8220;]<\/p>\n<p class=\"has-text-align-center\" style=\"text-align: left;\">Unser HighEnd Racingluftfilter \u201eTensorRace \u201e<\/p>\n<p class=\"has-text-align-center\" style=\"text-align: left;\">Ein wichtiges Puzzleteil im Ansaugsystem von leistungsgesteigerten Motoren bei hohen Gasgeschwindigkeiten und Luftmassen<\/p>\n<p>[\/et_pb_team_member][et_pb_team_member name=&#8220;Polar Racing&#8220; position=&#8220;https:\/\/www.polar-racing.com\/de\/startseite\/&#8220; image_url=&#8220;https:\/\/rennsportcw.com\/wp-content\/uploads\/2021\/04\/Polar-Racing-Logo.gif&#8220; facebook_url=&#8220;https:\/\/www.facebook.com\/ralf.teuber.18&#8243; linkedin_url=&#8220;https:\/\/www.linkedin.com\/company\/polar-racing-oy\/&#8220; _builder_version=&#8220;4.9.2&#8243; _module_preset=&#8220;default&#8220; background_color=&#8220;#FFFFFF&#8220; custom_padding=&#8220;29px|||||&#8220; link_option_url=&#8220;https:\/\/www.polar-racing.com\/de\/startseite\/&#8220; link_option_url_new_window=&#8220;on&#8220;]<\/p>\n<div class=\"kvgmc6g5 cxmmr5t8 oygrvhab hcukyx3x c1et5uql\">\n<div class=\"et_pb_module et_pb_text et_pb_text_2 plr-punch  et_pb_text_align_left et_pb_bg_layout_light\">\n<div class=\"et_pb_text_inner\">\n<p>Autorennen f\u00fcr alle: Wir machen es m\u00f6glich.<\/p>\n<\/div>\n<\/div>\n<div class=\"et_pb_module et_pb_text et_pb_text_4 plr-text  et_pb_text_align_left et_pb_bg_layout_light\">\n<div class=\"et_pb_text_inner\">\n<p>Selber sp\u00fcren, wie es sich anf\u00fchlt in einer Startaufstellung zu stehen. Erleben, was einem kurz vor dem Start durch den Kopf geht, wenn die Motoren aufheulen und es jeden Moment losgeht. Das Adrenalin und die Konzentration w\u00e4hrend der Rad-an-Rad Rennaktion sp\u00fcren. Oder das einmalige Gef\u00fchl erleben, wenn man als Sieger die Ziellinie \u00fcberquert.<\/p>\n<p>Oder anders gesagt \u2013 Rennfahrer sein!<\/p>\n<\/div>\n<\/div>\n<\/div>\n<p><span class=\"d2edcug0 hpfvmrgz qv66sw1b c1et5uql lr9zc1uh a8c37x1j keod5gw0 nxhoafnm aigsh9s9 d3f4x2em fe6kdd0r mau55g9w c8b282yb iv3no6db jq4qci2q a3bd9o3v knj5qynh oo9gr5id hzawbc8m\" dir=\"auto\"><span class=\"d2edcug0 hpfvmrgz qv66sw1b c1et5uql lr9zc1uh jq4qci2q a3bd9o3v knj5qynh oo9gr5id hzawbc8m\">\u00a0<\/span><\/span><\/p>\n<p>[\/et_pb_team_member][et_pb_team_member name=&#8220;Die Folienritter&#8220; position=&#8220;https:\/\/folienritter.de\/&#8220; image_url=&#8220;https:\/\/rennsportcw.com\/wp-content\/uploads\/2021\/04\/Logo-Folienritter.png&#8220; facebook_url=&#8220;https:\/\/www.facebook.com\/Folienritter&#8220; _builder_version=&#8220;4.9.2&#8243; _module_preset=&#8220;default&#8220; background_color=&#8220;#FFFFFF&#8220; min_height=&#8220;276.5px&#8220; custom_padding=&#8220;25px|||||&#8220; link_option_url=&#8220;https:\/\/folienritter.de\/&#8220; link_option_url_new_window=&#8220;on&#8220;]<\/p>\n<p><span class=\"d2edcug0 hpfvmrgz qv66sw1b c1et5uql lr9zc1uh a8c37x1j keod5gw0 nxhoafnm aigsh9s9 d3f4x2em fe6kdd0r mau55g9w c8b282yb iv3no6db jq4qci2q a3bd9o3v knj5qynh oo9gr5id hzawbc8m\" dir=\"auto\"><span class=\"d2edcug0 hpfvmrgz qv66sw1b c1et5uql lr9zc1uh jq4qci2q a3bd9o3v knj5qynh oo9gr5id hzawbc8m\">Mit drei Filialen in Deutschland und 16 Werbeprofis aus Leidenschaft freuen Die Folienritter sich auf Ihr Projekt. Wir sind Ihr Partner f\u00fcr Digital- &amp; Gro\u00dfformatdruck, Folierungen und Beschriftungen, Werbetechnik und Design in Kaiserslautern und K\u00f6ln. Durch unsere eigene Produktion mit modernsten Maschinen liefern wir Ihnen Perfektion bis ins kleinste Detail \u2013 Ganz gleich ob es um Folierungen, Print &amp; Druck oder Innen- &amp; Au\u00dfenwerbung geht.<\/span><\/span><\/p>\n<p>[\/et_pb_team_member][et_pb_team_member name=&#8220;Fahrschule Fit for Drive Kaiserslautern&#8220; position=&#8220;www.fit-for-drive-kl.de&#8220; image_url=&#8220;https:\/\/rennsportcw.com\/wp-content\/uploads\/2021\/04\/92986557_3109531972431570_2030726448116924416_n.jpg&#8220; facebook_url=&#8220;https:\/\/www.facebook.com\/Fit.for.Drive.Kaiserslautern&#8220; _builder_version=&#8220;4.9.2&#8243; _module_preset=&#8220;default&#8220; background_color=&#8220;#FFFFFF&#8220; custom_padding=&#8220;||0px|||&#8220; link_option_url=&#8220;www.fit-for-drive-kl.de&#8220; link_option_url_new_window=&#8220;on&#8220;]<\/p>\n<p><span class=\"d2edcug0 hpfvmrgz qv66sw1b c1et5uql lr9zc1uh a8c37x1j keod5gw0 nxhoafnm aigsh9s9 d3f4x2em fe6kdd0r mau55g9w c8b282yb iv3no6db jq4qci2q a3bd9o3v knj5qynh oo9gr5id hzawbc8m\" dir=\"auto\"><span class=\"d2edcug0 hpfvmrgz qv66sw1b c1et5uql lr9zc1uh jq4qci2q a3bd9o3v knj5qynh oo9gr5id hzawbc8m\">Wenn Ausbildung Spass macht und am Ende der Erfolg steht! Unser Fit-For-Drive Team garantiert Euch eine freundliche, erfolgsorientierte Ausbildung die Spa\u00df macht. Informiert euch unverbindlich zu den Gesch\u00e4ftszeiten<\/span><\/span><\/p>\n<p>[\/et_pb_team_member][\/et_pb_column][\/et_pb_row][\/et_pb_section]<\/p>","protected":false},"excerpt":{"rendered":"<p>[et_pb_section fb_built=&#8220;1&#8243; _builder_version=&#8220;4.9.2&#8243; _module_preset=&#8220;default&#8220; min_height=&#8220;1508.9px&#8220; custom_padding=&#8220;4px||6px|||&#8220;][et_pb_row _builder_version=&#8220;4.9.2&#8243; _module_preset=&#8220;default&#8220;][et_pb_column type=&#8220;4_4&#8243; _builder_version=&#8220;4.9.2&#8243; _module_preset=&#8220;default&#8220;][et_pb_text _builder_version=&#8220;4.9.2&#8243; _module_preset=&#8220;default&#8220;] Sponsoring [\/et_pb_text][\/et_pb_column][\/et_pb_row][et_pb_row column_structure=&#8220;1_3,2_3&#8243; _builder_version=&#8220;4.9.2&#8243; _module_preset=&#8220;default&#8220; custom_padding=&#8220;43px||3px|||&#8220;][et_pb_column type=&#8220;1_3&#8243; _builder_version=&#8220;4.9.2&#8243; _module_preset=&#8220;default&#8220;][et_pb_image src=&#8220;https:\/\/rennsportcw.com\/wp-content\/uploads\/2023\/10\/Clipped_image_20231016_111916.png&#8220; title_text=&#8220;Clipped_image_20231016_111916&#8243; _builder_version=&#8220;4.9.2&#8243; _module_preset=&#8220;default&#8220;][\/et_pb_image][\/et_pb_column][et_pb_column type=&#8220;2_3&#8243; _builder_version=&#8220;4.9.2&#8243; _module_preset=&#8220;default&#8220;][et_pb_text _builder_version=&#8220;4.9.2&#8243; _module_preset=&#8220;default&#8220;] Verbinden Sie Ihr Unternehmen mit Attributen wie Erfolg, Leidenschaft, Schnelligkeit und Pr\u00e4zision . Profitieren Sie von unseren Leistungen in diesem einzigartigen Sport und unterst\u00fctzen [&hellip;]<\/p>","protected":false},"author":1,"featured_media":0,"parent":0,"menu_order":0,"comment_status":"closed","ping_status":"closed","template":"","meta":{"_et_pb_use_builder":"on","_et_pb_old_content":"","_et_gb_content_width":"","footnotes":""},"class_list":["post-1224","page","type-page","status-publish","hentry"],"_links":{"self":[{"href":"https:\/\/rennsportcw.com\/en\/wp-json\/wp\/v2\/pages\/1224","targetHints":{"allow":["GET"]}}],"collection":[{"href":"https:\/\/rennsportcw.com\/en\/wp-json\/wp\/v2\/pages"}],"about":[{"href":"https:\/\/rennsportcw.com\/en\/wp-json\/wp\/v2\/types\/page"}],"author":[{"embeddable":true,"href":"https:\/\/rennsportcw.com\/en\/wp-json\/wp\/v2\/users\/1"}],"replies":[{"embeddable":true,"href":"https:\/\/rennsportcw.com\/en\/wp-json\/wp\/v2\/comments?post=1224"}],"version-history":[{"count":45,"href":"https:\/\/rennsportcw.com\/en\/wp-json\/wp\/v2\/pages\/1224\/revisions"}],"predecessor-version":[{"id":2213,"href":"https:\/\/rennsportcw.com\/en\/wp-json\/wp\/v2\/pages\/1224\/revisions\/2213"}],"wp:attachment":[{"href":"https:\/\/rennsportcw.com\/en\/wp-json\/wp\/v2\/media?parent=1224"}],"curies":[{"name":"wp","href":"https:\/\/api.w.org\/{rel}","templated":true}]}}